{"id":6995,"date":"2014-09-23T11:46:14","date_gmt":"2014-09-23T10:46:14","guid":{"rendered":"http:\/\/christopheferland.com\/en\/statistiques\/"},"modified":"2023-09-29T09:00:12","modified_gmt":"2023-09-29T08:00:12","slug":"stats-christophe-ferland-racing-stable","status":"publish","type":"page","link":"https:\/\/christopheferland.com\/en\/stats-christophe-ferland-racing-stable\/","title":{"rendered":"Stats"},"content":{"rendered":"<div class=\"wpb-content-wrapper\"><p>[vc_row][vc_column][vc_empty_space height=&#8221;40px&#8221;][\/vc_column][\/vc_row][vc_row][vc_column][vc_column_text]<\/p>\n<h2>Stats<\/h2>\n<div class=\"hr-thin\"><\/div>\n<p>[\/vc_column_text][\/vc_column][\/vc_row][vc_row][vc_column][vc_column_text]<\/p>\n<p style=\"text-align: justify;\">From the beginning, Christophe Ferland has distinguished himself by his excellent success rate. This success shows his ability to choose the most appropriate entries and to aim accurately at the physical and mental training of each horse.\u00a0For his \ufb01rst season, while his stable welcomed about twenty horses, Christophe Ferland showed 10 victories for 79 runners, that is to say 13% of winners. This \ufb01gure has steadily increased even if the number of horses was multiplied by four ! In 2010, he reached 17% of winners with 42 horses in his stable. The following year, Christophe Ferland joined the prestigious circle of trainers who saddle more than one winner every 5 races. 60 victories for 278 runners, that is to say a success rate of 22% &#8211; only Jean-Claude Rouget did better that year! Since then, his percentage of placed horses has been constantly persisting above 70%, which is a performance that only a handful of coaches can realize.<\/p>\n<p>[\/vc_column_text][vc_empty_space][vc_separator style=&#8221;double&#8221;][vc_column_text]<\/p>\n<p style=\"text-align: center;\"><a href=\"https:\/\/www.france-galop.com\/en\/trainer\/T2ZuaUNlbGZOVng4RmtHbHk1K3M0dz09\" target=\"_blank\" rel=\"noopener\">France Galop statistics<\/a><br \/>\n(Results based on flat races in France)<\/p>\n<p>[\/vc_column_text][vc_separator style=&#8221;double&#8221;][\/vc_column][\/vc_row][vc_row][vc_column][vc_column_text]\n<table id=\"tablepress-2\" class=\"tablepress tablepress-id-2\">\n<thead>\n<tr class=\"row-1 odd\">\n\t<th class=\"column-1\">Year<\/th><th class=\"column-2\">Different Horses which<br \/>\ntook part in Races<\/th><th class=\"column-3\">Runners<\/th><th class=\"column-4\">Wins<\/th><th class=\"column-5\">Places<\/th><th class=\"column-6\">Allowances + Owner\u2019s Premiums<\/th><th class=\"column-7\">% Wins \/ Runners<\/th><th class=\"column-8\">% Places \/ Runners<\/th><th class=\"column-9\">Trainers\u2019Final <br \/>\nRanking<\/th>\n<\/tr>\n<\/thead>\n<tbody class=\"row-hover\">\n<tr class=\"row-2 even\">\n\t<td class=\"column-1\">2025<\/td><td class=\"column-2\">78<\/td><td class=\"column-3\">306<\/td><td class=\"column-4\">50<\/td><td class=\"column-5\">153<\/td><td class=\"column-6\">3 363 706\u20ac<\/td><td class=\"column-7\">16%<\/td><td class=\"column-8\">50%<\/td><td class=\"column-9\">5<\/td>\n<\/tr>\n<tr class=\"row-3 odd\">\n\t<td class=\"column-1\">2024<\/td><td class=\"column-2\">76<\/td><td class=\"column-3\">316<\/td><td class=\"column-4\">51<\/td><td class=\"column-5\">162<\/td><td class=\"column-6\">4 214 005\u20ac<\/td><td class=\"column-7\">16%<\/td><td class=\"column-8\">51%<\/td><td class=\"column-9\">4<\/td>\n<\/tr>\n<tr class=\"row-4 even\">\n\t<td class=\"column-1\">2023<\/td><td class=\"column-2\">84<\/td><td class=\"column-3\">345<\/td><td class=\"column-4\">57<\/td><td class=\"column-5\">176<\/td><td class=\"column-6\">3 138 710\u20ac<\/td><td class=\"column-7\">17%<\/td><td class=\"column-8\">51%<\/td><td class=\"column-9\">10<\/td>\n<\/tr>\n<tr class=\"row-5 odd\">\n\t<td class=\"column-1\">2022<\/td><td class=\"column-2\">103<\/td><td class=\"column-3\">431<\/td><td class=\"column-4\">81<\/td><td class=\"column-5\">232<\/td><td class=\"column-6\">3 418 006\u20ac <\/td><td class=\"column-7\">19%<\/td><td class=\"column-8\">54%<\/td><td class=\"column-9\">7<\/td>\n<\/tr>\n<tr class=\"row-6 even\">\n\t<td class=\"column-1\">2021<\/td><td class=\"column-2\">99<\/td><td class=\"column-3\">397<\/td><td class=\"column-4\">70<\/td><td class=\"column-5\">206<\/td><td class=\"column-6\">2 547 378\u20ac<\/td><td class=\"column-7\">18%<\/td><td class=\"column-8\">52%<\/td><td class=\"column-9\">12<\/td>\n<\/tr>\n<tr class=\"row-7 odd\">\n\t<td class=\"column-1\">2020<\/td><td class=\"column-2\">94<\/td><td class=\"column-3\">400<\/td><td class=\"column-4\">68<\/td><td class=\"column-5\">200<\/td><td class=\"column-6\">2 086 360\u20ac<\/td><td class=\"column-7\">17%<\/td><td class=\"column-8\">50%<\/td><td class=\"column-9\">10<\/td>\n<\/tr>\n<tr class=\"row-8 even\">\n\t<td class=\"column-1\">2019<\/td><td class=\"column-2\">112<\/td><td class=\"column-3\">440<\/td><td class=\"column-4\">73<\/td><td class=\"column-5\">216<\/td><td class=\"column-6\">2 277 536\u20ac<\/td><td class=\"column-7\">17%<\/td><td class=\"column-8\">49%<\/td><td class=\"column-9\">16<\/td>\n<\/tr>\n<tr class=\"row-9 odd\">\n\t<td class=\"column-1\">2018<\/td><td class=\"column-2\">117<\/td><td class=\"column-3\">461<\/td><td class=\"column-4\">82<\/td><td class=\"column-5\">235<\/td><td class=\"column-6\">2 639 991\u20ac<\/td><td class=\"column-7\">18%<\/td><td class=\"column-8\">51%<\/td><td class=\"column-9\">8<\/td>\n<\/tr>\n<tr class=\"row-10 even\">\n\t<td class=\"column-1\">2017<\/td><td class=\"column-2\">109<\/td><td class=\"column-3\">373<\/td><td class=\"column-4\">67<\/td><td class=\"column-5\">195<\/td><td class=\"column-6\">2 479 570\u20ac<\/td><td class=\"column-7\">18%<\/td><td class=\"column-8\">52%<\/td><td class=\"column-9\">10<\/td>\n<\/tr>\n<tr class=\"row-11 odd\">\n\t<td class=\"column-1\">2016<\/td><td class=\"column-2\">94<\/td><td class=\"column-3\">373<\/td><td class=\"column-4\">73<\/td><td class=\"column-5\">189<\/td><td class=\"column-6\">2 548 771\u20ac<\/td><td class=\"column-7\">20%<\/td><td class=\"column-8\">51%<\/td><td class=\"column-9\">6<\/td>\n<\/tr>\n<tr class=\"row-12 even\">\n\t<td class=\"column-1\">2015<\/td><td class=\"column-2\">96<\/td><td class=\"column-3\">334<\/td><td class=\"column-4\">61<\/td><td class=\"column-5\">173<\/td><td class=\"column-6\">1 945 723\u20ac<\/td><td class=\"column-7\">18%<\/td><td class=\"column-8\">52%<\/td><td class=\"column-9\">12<\/td>\n<\/tr>\n<tr class=\"row-13 odd\">\n\t<td class=\"column-1\">2014<\/td><td class=\"column-2\">80<\/td><td class=\"column-3\">293<\/td><td class=\"column-4\">57<\/td><td class=\"column-5\">156<\/td><td class=\"column-6\">1 906 240\u20ac<\/td><td class=\"column-7\">19%<\/td><td class=\"column-8\">53%<\/td><td class=\"column-9\">13<\/td>\n<\/tr>\n<tr class=\"row-14 even\">\n\t<td class=\"column-1\">2013<\/td><td class=\"column-2\">84<\/td><td class=\"column-3\">336<\/td><td class=\"column-4\">66<\/td><td class=\"column-5\">172<\/td><td class=\"column-6\">2 447 481\u20ac<\/td><td class=\"column-7\">20%<\/td><td class=\"column-8\">51%<\/td><td class=\"column-9\">9<\/td>\n<\/tr>\n<tr class=\"row-15 odd\">\n\t<td class=\"column-1\">2012<\/td><td class=\"column-2\">78<\/td><td class=\"column-3\">278<\/td><td class=\"column-4\">60<\/td><td class=\"column-5\">142<\/td><td class=\"column-6\">1 469 632\u20ac<\/td><td class=\"column-7\">22%<\/td><td class=\"column-8\">51%<\/td><td class=\"column-9\">17<\/td>\n<\/tr>\n<tr class=\"row-16 even\">\n\t<td class=\"column-1\">2011<\/td><td class=\"column-2\">42<\/td><td class=\"column-3\">159<\/td><td class=\"column-4\">40<\/td><td class=\"column-5\">71<\/td><td class=\"column-6\">1 672 783\u20ac<\/td><td class=\"column-7\">25%<\/td><td class=\"column-8\">45%<\/td><td class=\"column-9\">19<\/td>\n<\/tr>\n<tr class=\"row-17 odd\">\n\t<td class=\"column-1\">2010<\/td><td class=\"column-2\">42<\/td><td class=\"column-3\">154<\/td><td class=\"column-4\">26<\/td><td class=\"column-5\">84<\/td><td class=\"column-6\">706 320\u20ac<\/td><td class=\"column-7\">17%<\/td><td class=\"column-8\">55%<\/td><td class=\"column-9\">55<\/td>\n<\/tr>\n<tr class=\"row-18 even\">\n\t<td class=\"column-1\">2009<\/td><td class=\"column-2\">27<\/td><td class=\"column-3\">93<\/td><td class=\"column-4\">17<\/td><td class=\"column-5\">46<\/td><td class=\"column-6\">348 226\u20ac<\/td><td class=\"column-7\">18%<\/td><td class=\"column-8\">49%<\/td><td class=\"column-9\">93<\/td>\n<\/tr>\n<tr class=\"row-19 odd\">\n\t<td class=\"column-1\">2008<\/td><td class=\"column-2\">21<\/td><td class=\"column-3\">79<\/td><td class=\"column-4\">10<\/td><td class=\"column-5\">29<\/td><td class=\"column-6\">260 274\u20ac<\/td><td class=\"column-7\">13%<\/td><td class=\"column-8\">37%<\/td><td class=\"column-9\">135<\/td>\n<\/tr>\n<\/tbody>\n<\/table>\n<!-- #tablepress-2 from cache -->[\/vc_column_text][\/vc_column][\/vc_row][vc_row][vc_column][vc_empty_space height=&#8221;50px&#8221;][\/vc_column][\/vc_row][vc_row][vc_column][vc_separator][\/vc_column][\/vc_row][vc_row][vc_column width=&#8221;1\/3&#8243;][vc_column_text]<\/p>\n<p style=\"text-align: left;\"><strong>Visit us<\/strong><\/p>\n<p style=\"text-align: left;\"><span style=\"color: #808080;\">Soci\u00e9t\u00e9 d&#8217;Entra\u00eenement Christophe Ferland<br \/>\n7 Avenue de Montpensier<br \/>\n60500 Chantilly &#8211; France<\/span><\/p>\n<p>[\/vc_column_text][\/vc_column][vc_column width=&#8221;1\/3&#8243;][vc_column_text]<\/p>\n<p style=\"text-align: left;\"><strong>Contact us<\/strong><\/p>\n<p style=\"text-align: left;\"><span style=\"color: #808080;\">christophe.ferland@orange.fr<br \/>\n+ 33 6 80 35 82 87<br \/>\n+ 33 6 73 45 18 93<\/span><\/p>\n<p>[\/vc_column_text][\/vc_column][vc_column width=&#8221;1\/3&#8243;][vc_column_text]<\/p>\n<p style=\"text-align: left;\"><strong>Join us<\/strong><\/p>\n<p style=\"text-align: left;\"><a href=\"https:\/\/christopheferland.com\/en\/job-offers-christophe-ferland-racing-stable\/\"><span style=\"color: #808080;\">Job offers<\/span><\/a><\/p>\n<p>[\/vc_column_text][\/vc_column][\/vc_row][vc_row el_class=&#8221;seulmobile&#8221;][vc_column][vc_column_text][\/vc_column_text][\/vc_column][\/vc_row][vc_row el_class=&#8221;seulmobile&#8221;][vc_column][vc_raw_html]JTNDZGl2JTIwc3R5bGUlM0QlMjJtYXgtd2lkdGglM0ExNTBweCUzQm1hcmdpbi10b3AlM0EtMmVtJTNCbWFyZ2luLWxlZnQlM0EtMTBweCUyMiUzRSUwQSUzQ3RhYmxlJTIwd2lkdGglM0QlMjIxNTBweCUyMiUyMGJvcmRlciUzRCUyMjAlMjIlM0UlM0N0ciUzRSUwQSUzQ3RkJTIwYWxpZ24lM0RsZWZ0JTNFJTNDYSUyMHRpdGxlJTNEJTIyRmFjZWJvb2slMjIlMjBocmVmJTNEJTIyaHR0cHMlM0ElMkYlMkZ3d3cuZmFjZWJvb2suY29tJTJGY2hyaXN0b3BoZWZlcmxhbmRyYWNpbmclMjIlMjB0YXJnZXQlM0QlMjJfYmxhbmslMjIlMjBjbGFzcyUzRCUyMmZhY2Vib29rJTIyJTIwc3R5bGUlM0QlMjJ2aXNpYmlsaXR5JTNBJTIwdmlzaWJsZSUzQiUyMiUzRSUzQ3N2ZyUyMGNsYXNzJTNEJTIyaWNvbiUyMiUyMHZpZXdCb3glM0QlMjIwJTIwMCUyMDI0JTIwMjQlMjIlM0UlM0N1c2UlMjB4bGluayUzQWhyZWYlM0QlMjIlMjNmYWNlYm9vayUyMiUzRSUzQyUyRnVzZSUzRSUzQyUyRnN2ZyUzRSUzQyUyRmElM0UlM0MlMkZ0ZCUzRSUwQSUzQ3RkJTIwYWxpZ24lM0RsZWZ0JTNFJTNDYSUyMHRpdGxlJTNEJTIyVHdpdHRlciUyMiUyMGhyZWYlM0QlMjJodHRwcyUzQSUyRiUyRnR3aXR0ZXIuY29tJTJGY2hmZXJsYW5kJTIyJTIwdGFyZ2V0JTNEJTIyX2JsYW5rJTIyJTIwY2xhc3MlM0QlMjJ0d2l0dGVyJTIyJTIwc3R5bGUlM0QlMjJ2aXNpYmlsaXR5JTNBJTIwdmlzaWJsZSUzQiUyMiUzRSUzQ3N2ZyUyMGNsYXNzJTNEJTIyaWNvbiUyMiUyMHZpZXdCb3glM0QlMjIwJTIwMCUyMDI0JTIwMjQlMjIlM0UlM0N1c2UlMjB4bGluayUzQWhyZWYlM0QlMjIlMjN0d2l0dGVyJTIyJTNFJTNDJTJGdXNlJTNFJTNDJTJGc3ZnJTNFJTNDJTJGYSUzRSUzQyUyRnRkJTNFJTBBJTNDdGQlMjBhbGlnbiUzRGxlZnQlM0UlM0NhJTIwdGl0bGUlM0QlMjJJbnN0YWdyYW0lMjIlMjBocmVmJTNEJTIyaHR0cHMlM0ElMkYlMkZ3d3cuaW5zdGFncmFtLmNvbSUyRmNocmlzdG9waGUuZmVybGFuZCUyRiUyMiUyMHRhcmdldCUzRCUyMl9ibGFuayUyMiUyMGNsYXNzJTNEJTIyaW5zdGFncmFtJTIyJTIwc3R5bGUlM0QlMjJ2aXNpYmlsaXR5JTNBJTIwdmlzaWJsZSUzQiUyMiUzRSUzQ3N2ZyUyMGNsYXNzJTNEJTIyaWNvbiUyMiUyMHZpZXdCb3glM0QlMjIwJTIwMCUyMDI0JTIwMjQlMjIlM0UlM0N1c2UlMjB4bGluayUzQWhyZWYlM0QlMjIlMjNpbnN0YWdyYW0lMjIlM0UlM0MlMkZ1c2UlM0UlM0MlMkZzdmclM0UlM0MlMkZhJTNFJTNDJTJGdGQlM0UlMEElM0N0ZCUyMGFsaWduJTNEbGVmdCUzRSUzQ2ElMjB0aXRsZSUzRCUyMlZpbWVvJTIyJTIwaHJlZiUzRCUyMmh0dHBzJTNBJTJGJTJGdmltZW8uY29tJTJGdXNlcjUwOTI3MzY3JTIyJTIwdGFyZ2V0JTNEJTIyX2JsYW5rJTIyJTIwY2xhc3MlM0QlMjJ2aW1lbyUyMiUyMHN0eWxlJTNEJTIydmlzaWJpbGl0eSUzQSUyMHZpc2libGUlM0IlMjIlM0UlM0NzdmclMjBjbGFzcyUzRCUyMmljb24lMjIlMjB2aWV3Qm94JTNEJTIyMCUyMDAlMjAyNCUyMDI0JTIyJTNFJTNDdXNlJTIweGxpbmslM0FocmVmJTNEJTIyJTIzdmltZW8lMjIlM0UlM0MlMkZ1c2UlM0UlM0MlMkZzdmclM0UlM0MlMkZhJTNFJTNDJTJGdGQlM0UlMEElM0MlMkZ0ciUzRSUzQyUyRnRhYmxlJTNFJTNDJTJGZGl2JTNF[\/vc_raw_html][\/vc_column][\/vc_row]<\/p>\n<\/div>","protected":false},"excerpt":{"rendered":"<p>[vc_row][vc_column][vc_empty_space height=&#8221;40px&#8221;][\/vc_column][\/vc_row][vc_row][vc_column][vc_column_text] Stats [\/vc_column_text][\/vc_column][\/vc_row][vc_row][vc_column][vc_column_text] From the beginning, Christophe Ferland has distinguished himself by his excellent success rate. This success shows his ability to choose the most appropriate entries and to aim accurately at the physical and mental training of each horse.\u00a0For his \ufb01rst season, while his stable welcomed about twenty horses, Christophe Ferland showed 10&hellip;<\/p>\n","protected":false},"author":2,"featured_media":0,"parent":0,"menu_order":4,"comment_status":"closed","ping_status":"closed","template":"","meta":{"footnotes":""},"_links":{"self":[{"href":"https:\/\/christopheferland.com\/en\/wp-json\/wp\/v2\/pages\/6995"}],"collection":[{"href":"https:\/\/christopheferland.com\/en\/wp-json\/wp\/v2\/pages"}],"about":[{"href":"https:\/\/christopheferland.com\/en\/wp-json\/wp\/v2\/types\/page"}],"author":[{"embeddable":true,"href":"https:\/\/christopheferland.com\/en\/wp-json\/wp\/v2\/users\/2"}],"replies":[{"embeddable":true,"href":"https:\/\/christopheferland.com\/en\/wp-json\/wp\/v2\/comments?post=6995"}],"version-history":[{"count":17,"href":"https:\/\/christopheferland.com\/en\/wp-json\/wp\/v2\/pages\/6995\/revisions"}],"predecessor-version":[{"id":30617,"href":"https:\/\/christopheferland.com\/en\/wp-json\/wp\/v2\/pages\/6995\/revisions\/30617"}],"wp:attachment":[{"href":"https:\/\/christopheferland.com\/en\/wp-json\/wp\/v2\/media?parent=6995"}],"curies":[{"name":"wp","href":"https:\/\/api.w.org\/{rel}","templated":true}]}}