{"id":6981,"date":"2014-10-17T13:58:57","date_gmt":"2014-10-17T12:58:57","guid":{"rendered":"http:\/\/christopheferland.com\/en\/devenir-proprietaire\/"},"modified":"2023-09-29T09:00:43","modified_gmt":"2023-09-29T08:00:43","slug":"becoming-an-owner-christophe-ferland-racing-stable","status":"publish","type":"page","link":"https:\/\/christopheferland.com\/en\/becoming-an-owner-christophe-ferland-racing-stable\/","title":{"rendered":"Becoming an owner"},"content":{"rendered":"<div class=\"wpb-content-wrapper\"><p>[vc_row][vc_column width=&#8221;1\/2&#8243;][vc_empty_space height=&#8221;40px&#8221;][vc_column_text]<\/p>\n<h2>Becoming an owner<\/h2>\n<div class=\"hr-thin\"><\/div>\n<p>[\/vc_column_text][vc_column_text]Becoming a horse racing owner is not a hobby like the others. This is a hobby that opens doors to an unknown and fascinating world. Becoming an owner allows you to face unusual intensive emotions and have some rewarding and varied encounters&#8230; It also allows you to daydream. It is a unique opportunity to escape daily and vibrate with the rhythm of the hoofs.<\/p>\n<p>What you might not know is that this dream is far from being unrealistic!<\/p>\n<p>Christophe Ferland answers the questions that most aspiring horse racing owners ask themselves.[\/vc_column_text][\/vc_column][vc_column width=&#8221;1\/2&#8243;][vc_empty_space height=&#8221;100px&#8221;][vc_single_image image=&#8221;9712&#8243; img_size=&#8221;full&#8221; onclick=&#8221;link_image&#8221;][\/vc_column][\/vc_row][vc_row][vc_column][vc_row_inner][vc_column_inner width=&#8221;2\/3&#8243; css=&#8221;.vc_custom_1413552117631{padding-right: 30px !important;}&#8221;][vc_empty_space][vc_column_text]<\/p>\n<h3>\u00b7 How to become an owner?<\/h3>\n<p style=\"text-align: justify;\">&#8220;Nowadays, there are many ways to become a horse racing owner or co-owner without investing excessive fees and with equanimity. For more information about the different ways to become an owner, the steps to take, and the legal and fiscal measures, you can refer to the complete guide published by France Galop :<br \/>\n<a title=\"France Galop\" href=\"http:\/\/www.leguidedesproprietaires.com\/\" target=\"_blank\" rel=\"noopener\">http:\/\/www.leguidedesproprietaires.com\/<\/a>\u00a0\u00bb<\/p>\n<p>&nbsp;<\/p>\n<h3>\u00b7 \u00a0Where do we buy a racehorse?<\/h3>\n<p style=\"text-align: justify;\">\u00ab Most thoroughbreds are bought at auction and at different stages of their development: foals, yearlings or two-year-olds (they are already pre-trained), or at a later age from another stable. I personally go to these sales and purchase many very good horses like DABIRSIM ( 30.000\u20ac ) or SAHAWAR ( 55.000\u20ac ) on behalf of owners. I will make it my business to select the horse that suits your criteria, or refer you to a specialized agent in this area. It is also possible to purchase a horse within the context of some races which are called claiming races in accordance with a secret ballot system. Lastly, some sales are brokered privately directly with the breeder or owner of the horse. \u00bb<\/p>\n<p style=\"text-align: justify;\">There are two thoroughbred auction agencies in France\u00a0:<\/p>\n<p>ARQANA\u00a0: <a title=\"Arqana\" href=\"http:\/\/www.arqana.com\" target=\"_blank\" rel=\"noopener\">www.arqana.com<\/a><\/p>\n<p>OSARUS\u00a0: <a title=\"Osarus\" href=\"http:\/\/www.osarus.com\" target=\"_blank\" rel=\"noopener\">www.osarus.com<\/a>[\/vc_column_text][\/vc_column_inner][vc_column_inner width=&#8221;1\/3&#8243;][vc_empty_space][vc_column_text]<\/p>\n<h3>\u00b7 How much does it cost\u2026 and how much can it yield ?<\/h3>\n<p style=\"text-align: justify;\">&#8220;The initial investment is very variable whether you choose to become an owner for yourself, to join with your friends or to purchase a share of a group stable. You have to add the training fees, veterinary care, and the blacksmith fees to the purchase price of the horse. The transportation costs to the racecourse are partially reimbursed by France Galop.<\/p>\n<p style=\"text-align: justify;\">As far as receipts are concerned, the amounts earned in the races cover on average 50% of the horse racing maintenance costs, excluding the purchase price (from France Galop). I personally do all in my power to make the horses which are confided to me realize the best possible sporting career according to their abilities. I also commit myself to avoiding unnecessary expenses to my owners and being completely transparent.&#8221;<\/p>\n<p>[\/vc_column_text][\/vc_column_inner][\/vc_row_inner][\/vc_column][\/vc_row][vc_row][vc_column][vc_empty_space height=&#8221;50px&#8221;][\/vc_column][\/vc_row][vc_row][vc_column][vc_separator][\/vc_column][\/vc_row][vc_row][vc_column width=&#8221;1\/3&#8243;][vc_column_text]<\/p>\n<p style=\"text-align: left;\"><strong>Visit us<\/strong><\/p>\n<p style=\"text-align: left;\"><span style=\"color: #808080;\">Soci\u00e9t\u00e9 d&#8217;Entra\u00eenement Christophe Ferland<br \/>\n7 Avenue de Montpensier<br \/>\n60500 Chantilly &#8211; France<\/span><\/p>\n<p>[\/vc_column_text][\/vc_column][vc_column width=&#8221;1\/3&#8243;][vc_column_text]<\/p>\n<p style=\"text-align: left;\"><strong>Contact us<\/strong><\/p>\n<p style=\"text-align: left;\"><span style=\"color: #808080;\">christophe.ferland@orange.fr<br \/>\n+ 33 6 80 35 82 87<br \/>\n+ 33 6 73 45 18 93<\/span><\/p>\n<p>[\/vc_column_text][\/vc_column][vc_column width=&#8221;1\/3&#8243;][vc_column_text]<\/p>\n<p style=\"text-align: left;\"><strong>Join us<\/strong><\/p>\n<p style=\"text-align: left;\"><a href=\"https:\/\/christopheferland.com\/en\/job-offers-christophe-ferland-racing-stable\/\"><span style=\"color: #808080;\">Job offers<\/span><\/a><\/p>\n<p>[\/vc_column_text][\/vc_column][\/vc_row][vc_row el_class=&#8221;seulmobile&#8221;][vc_column][vc_column_text][\/vc_column_text][\/vc_column][\/vc_row][vc_row el_class=&#8221;seulmobile&#8221;][vc_column][vc_raw_html]JTNDZGl2JTIwc3R5bGUlM0QlMjJtYXgtd2lkdGglM0ExNTBweCUzQm1hcmdpbi10b3AlM0EtMmVtJTNCbWFyZ2luLWxlZnQlM0EtMTBweCUyMiUzRSUwQSUzQ3RhYmxlJTIwd2lkdGglM0QlMjIxNTBweCUyMiUyMGJvcmRlciUzRCUyMjAlMjIlM0UlM0N0ciUzRSUwQSUzQ3RkJTIwYWxpZ24lM0RsZWZ0JTNFJTNDYSUyMHRpdGxlJTNEJTIyRmFjZWJvb2slMjIlMjBocmVmJTNEJTIyaHR0cHMlM0ElMkYlMkZ3d3cuZmFjZWJvb2suY29tJTJGY2hyaXN0b3BoZWZlcmxhbmRyYWNpbmclMjIlMjB0YXJnZXQlM0QlMjJfYmxhbmslMjIlMjBjbGFzcyUzRCUyMmZhY2Vib29rJTIyJTIwc3R5bGUlM0QlMjJ2aXNpYmlsaXR5JTNBJTIwdmlzaWJsZSUzQiUyMiUzRSUzQ3N2ZyUyMGNsYXNzJTNEJTIyaWNvbiUyMiUyMHZpZXdCb3glM0QlMjIwJTIwMCUyMDI0JTIwMjQlMjIlM0UlM0N1c2UlMjB4bGluayUzQWhyZWYlM0QlMjIlMjNmYWNlYm9vayUyMiUzRSUzQyUyRnVzZSUzRSUzQyUyRnN2ZyUzRSUzQyUyRmElM0UlM0MlMkZ0ZCUzRSUwQSUzQ3RkJTIwYWxpZ24lM0RsZWZ0JTNFJTNDYSUyMHRpdGxlJTNEJTIyVHdpdHRlciUyMiUyMGhyZWYlM0QlMjJodHRwcyUzQSUyRiUyRnR3aXR0ZXIuY29tJTJGY2hmZXJsYW5kJTIyJTIwdGFyZ2V0JTNEJTIyX2JsYW5rJTIyJTIwY2xhc3MlM0QlMjJ0d2l0dGVyJTIyJTIwc3R5bGUlM0QlMjJ2aXNpYmlsaXR5JTNBJTIwdmlzaWJsZSUzQiUyMiUzRSUzQ3N2ZyUyMGNsYXNzJTNEJTIyaWNvbiUyMiUyMHZpZXdCb3glM0QlMjIwJTIwMCUyMDI0JTIwMjQlMjIlM0UlM0N1c2UlMjB4bGluayUzQWhyZWYlM0QlMjIlMjN0d2l0dGVyJTIyJTNFJTNDJTJGdXNlJTNFJTNDJTJGc3ZnJTNFJTNDJTJGYSUzRSUzQyUyRnRkJTNFJTBBJTNDdGQlMjBhbGlnbiUzRGxlZnQlM0UlM0NhJTIwdGl0bGUlM0QlMjJJbnN0YWdyYW0lMjIlMjBocmVmJTNEJTIyaHR0cHMlM0ElMkYlMkZ3d3cuaW5zdGFncmFtLmNvbSUyRmNocmlzdG9waGUuZmVybGFuZCUyRiUyMiUyMHRhcmdldCUzRCUyMl9ibGFuayUyMiUyMGNsYXNzJTNEJTIyaW5zdGFncmFtJTIyJTIwc3R5bGUlM0QlMjJ2aXNpYmlsaXR5JTNBJTIwdmlzaWJsZSUzQiUyMiUzRSUzQ3N2ZyUyMGNsYXNzJTNEJTIyaWNvbiUyMiUyMHZpZXdCb3glM0QlMjIwJTIwMCUyMDI0JTIwMjQlMjIlM0UlM0N1c2UlMjB4bGluayUzQWhyZWYlM0QlMjIlMjNpbnN0YWdyYW0lMjIlM0UlM0MlMkZ1c2UlM0UlM0MlMkZzdmclM0UlM0MlMkZhJTNFJTNDJTJGdGQlM0UlMEElM0N0ZCUyMGFsaWduJTNEbGVmdCUzRSUzQ2ElMjB0aXRsZSUzRCUyMlZpbWVvJTIyJTIwaHJlZiUzRCUyMmh0dHBzJTNBJTJGJTJGdmltZW8uY29tJTJGdXNlcjUwOTI3MzY3JTIyJTIwdGFyZ2V0JTNEJTIyX2JsYW5rJTIyJTIwY2xhc3MlM0QlMjJ2aW1lbyUyMiUyMHN0eWxlJTNEJTIydmlzaWJpbGl0eSUzQSUyMHZpc2libGUlM0IlMjIlM0UlM0NzdmclMjBjbGFzcyUzRCUyMmljb24lMjIlMjB2aWV3Qm94JTNEJTIyMCUyMDAlMjAyNCUyMDI0JTIyJTNFJTNDdXNlJTIweGxpbmslM0FocmVmJTNEJTIyJTIzdmltZW8lMjIlM0UlM0MlMkZ1c2UlM0UlM0MlMkZzdmclM0UlM0MlMkZhJTNFJTNDJTJGdGQlM0UlMEElM0MlMkZ0ciUzRSUzQyUyRnRhYmxlJTNFJTNDJTJGZGl2JTNF[\/vc_raw_html][\/vc_column][\/vc_row]<\/p>\n<\/div>","protected":false},"excerpt":{"rendered":"<p>[vc_row][vc_column width=&#8221;1\/2&#8243;][vc_empty_space height=&#8221;40px&#8221;][vc_column_text] Becoming an owner [\/vc_column_text][vc_column_text]Becoming a horse racing owner is not a hobby like the others. This is a hobby that opens doors to an unknown and fascinating world. Becoming an owner allows you to face unusual intensive emotions and have some rewarding and varied encounters&#8230; It also allows you to daydream. It&hellip;<\/p>\n","protected":false},"author":2,"featured_media":0,"parent":0,"menu_order":5,"comment_status":"closed","ping_status":"closed","template":"","meta":{"footnotes":""},"_links":{"self":[{"href":"https:\/\/christopheferland.com\/en\/wp-json\/wp\/v2\/pages\/6981"}],"collection":[{"href":"https:\/\/christopheferland.com\/en\/wp-json\/wp\/v2\/pages"}],"about":[{"href":"https:\/\/christopheferland.com\/en\/wp-json\/wp\/v2\/types\/page"}],"author":[{"embeddable":true,"href":"https:\/\/christopheferland.com\/en\/wp-json\/wp\/v2\/users\/2"}],"replies":[{"embeddable":true,"href":"https:\/\/christopheferland.com\/en\/wp-json\/wp\/v2\/comments?post=6981"}],"version-history":[{"count":16,"href":"https:\/\/christopheferland.com\/en\/wp-json\/wp\/v2\/pages\/6981\/revisions"}],"predecessor-version":[{"id":30618,"href":"https:\/\/christopheferland.com\/en\/wp-json\/wp\/v2\/pages\/6981\/revisions\/30618"}],"wp:attachment":[{"href":"https:\/\/christopheferland.com\/en\/wp-json\/wp\/v2\/media?parent=6981"}],"curies":[{"name":"wp","href":"https:\/\/api.w.org\/{rel}","templated":true}]}}