{"id":6969,"date":"2014-09-15T13:09:48","date_gmt":"2014-09-15T12:09:48","guid":{"rendered":"http:\/\/christopheferland.com\/en\/biographie\/"},"modified":"2026-04-07T09:05:17","modified_gmt":"2026-04-07T08:05:17","slug":"christophe-ferland-career","status":"publish","type":"page","link":"https:\/\/christopheferland.com\/en\/christophe-ferland-career\/","title":{"rendered":"Christophe Ferland&#8217;s career"},"content":{"rendered":"<div class=\"wpb-content-wrapper\"><p>[vc_row][vc_column][vc_empty_space][\/vc_column][\/vc_row][vc_row][vc_column width=&#8221;1\/2&#8243;][vc_column_text]<\/p>\n<h2>Christophe Ferland&#8217;s career<\/h2>\n<div class=\"hr-thin\"><\/div>\n<p>[\/vc_column_text][vc_column_text]<\/p>\n<p style=\"text-align: justify;\">Christophe Ferland grew up among horses. He was born in Chantilly. His father was a jockey who became head lad. Christophe Ferland has always been attracted to this world&#8230; However, he perfectly knew that his size would not allow him to follow in his father\u2019s footsteps. It was therefore natural for Christophe Ferland to intend to be a horse racing trainer. He chose to study on the other side of the Channel, in the homeland of thoroughbred horse racing.<\/p>\n<p>[\/vc_column_text][\/vc_column][vc_column width=&#8221;1\/2&#8243;][vc_single_image image=&#8221;7938&#8243; img_size=&#8221;full&#8221; onclick=&#8221;link_image&#8221;][\/vc_column][\/vc_row][vc_row][vc_column][vc_empty_space height=&#8221;24px&#8221;][vc_column_text]<\/p>\n<p style=\"text-align: justify;\"><strong>Apprenticeship at &#8220;Sir Mark&#8221;<\/strong><\/p>\n<p style=\"text-align: justify;\">The \ufb01rst experience of Christophe Ferland was at the Lambourn training center,\u00a0 where he worked\u00a0 for two famous professionals &#8211; Charlie Mann and Peter Walwyn. This \ufb01rst apprenticeship allowed him to apply for an assistant job at Mark Prescott successfully. Mark Prescott was one of the most titled trainers in Newmarket, which is a Mecca for \ufb02at races in the United Kingdom.<\/p>\n<p style=\"text-align: justify;\">After two years in collaboration with \u00ab Sir Mark \u00bb, Christophe joined a young British trainer recently settled in Chantilly, Richard Gibson. He was assistant and travelling head lad for 9 years. This was a position which involved many responsibilities and brought him to escort champions such as Doctor Dino and Lune d\u2019Or to the USA, Hong-Kong, Dubai, Singapore, Japan, Sweden, Spain, Italy&#8230; and even in Kazakhstan.<\/p>\n<p>[\/vc_column_text][vc_empty_space height=&#8221;24px&#8221;][vc_column_text]<\/p>\n<p style=\"text-align: justify;\"><strong>A tremendous start<\/strong><\/p>\n<p style=\"text-align: justify;\">At the end of 2007, Christophe Ferland set up his own business with around twenty horses and the support of many owners of his former boss. He chose the training center in La Teste de Buch, not far from Bordeaux, for its climate and its localization in the heart of a region with rich race programs. In January 2008, his first runner appeared in the programs and he got his first winner three months later. His career advanced at a dazzling pace at once : 10 winners during his first season and a number of horses that doubled two years later. Less than three years after obtaining his licence, he reached the apotheosis of first Group win, closely followed by two Group 1 titles ! These three trophies have been brought home by the same horse, the phenomenal DABIRSIM.<\/p>\n<p>&nbsp;<\/p>\n<p style=\"text-align: justify;\"><strong>Dabirsim, the two-year-old champion<\/strong><\/p>\n<p style=\"text-align: justify;\">Dabirsim was purchased only at the price of \u20ac30.000 at the Arqana yearling sales marked the year 2011. Indeed, he remained undefeated in 5 races and won the European two-year-old title.\u00a0<span class=\"s1\">Dabirsim won his debut easily &#8211; by 10 lengths and franked this with a second victory in La Teste, again at 1200 meters. Sent to Deauville for the Prix Cabourg Gr.3, where he showed an usual turn of foot to defeat his competitors easily. Three weeks later, he floored the opposition in the first European Gr.1 for the younger generation &#8211; the Prix Morny, which is one of the most coveted races of the program. His devastating acceleration left the respected FAMILY ONE three lengths behind.<\/span><\/p>\n<p style=\"text-align: justify;\">On Arc de Triomphe Day, Dabirsim made it perfect at the mythical Longchamp racecourse by realizing the difficult double Prix Morny &#8211; Prix Jean- Luc Lagard\u00e8re. Last of all three hundred meters from the winning post, he sneaked up to the rail and achieved a maximum speed that would be remembered. Dabirsim won by three &#8211; quarters of a length from SOFAST, in the Wertheimers\u2019 brothers&#8217; colors.<\/p>\n<p>[\/vc_column_text][vc_empty_space height=&#8221;24px&#8221;][\/vc_column][\/vc_row][vc_row][vc_column][vc_column_text]<\/p>\n<p style=\"text-align: justify;\"><strong>2011 &#8211; the entry into the big league<\/strong><\/p>\n<p style=\"text-align: justify;\">The year 2011 was a real turning point in Christophe Ferland\u2019s career. Indeed, Christophe Ferland saw his string exceed 80 horses while continuing to obtain impressive success rates : 70% of his horses earn a check, and one win every 5 races !<\/p>\n<p style=\"text-align: justify;\">A new step was taken in 2013 with 7 Listed and Group victories for the stable won by 7 different horses. These victories allowed Christophe Ferland to burst into the top 10 of French trainers, after only six years of experience.<\/p>\n<p>[\/vc_column_text][\/vc_column][\/vc_row][vc_row][vc_column width=&#8221;1\/2&#8243;][vc_column_text]<\/p>\n<p style=\"text-align: justify;\"><strong>He has succeeded in keeping this ranking thanks to his steady results and the owners\u2019 confidence over the years.<\/strong><\/p>\n<p style=\"text-align: justify;\">Since then, many international challenges have punctuated the performance of the team : PAO ALTO&#8217;s 1st place in the\u00a0Irish Thoroughbred Marketing Cup 2022, FUNNY KID\u2019s 1st place in the Betway Marathon Stakes 2018, HESHEM\u2019s 2nd place in the Duba\u00ef Turf 2017, CAVALE DOREE\u2019s 3rd place in the Breeder\u2019s Cup Juvenile Fillies Turf 2016\u2026 not to mention many other races in England, Spain, Germany, Italy, and Switzerland.<\/p>\n<p style=\"text-align: justify;\">Christophe Ferland has already 1046 victories and seems to be determined to maintain and improve his results with his dynamic and motivated team !<\/p>\n<p>&nbsp;<\/p>\n<p><strong>2023, moving to Chantilly training center.<\/strong><\/p>\n<p>\u201c<em>I have been thinking about Chantilly for twenty years! I always had in mind to come back here, I just had to find the right moment. I was born in Chantilly, my family is there. I&#8217;m a real local !<\/em> \u00bb, Jour de Galop, January 23, 2023.<\/p>\n<p>In 2023, Christophe Ferland launched a new challenge by moving his racing stable to Chantilly, recognized as the the capital of horses and one of the most beautiful training centers in the world.<\/p>\n<p>This moving which he made with the support of his owners concretizes his work for 16 years in the South-West region. This decision is a new step in his coaching career.[\/vc_column_text][\/vc_column][vc_column width=&#8221;1\/2&#8243;][vc_empty_space height=&#8221;80px&#8221;][vc_column_text]<\/p>\n<h2 style=\"text-align: center;\"><strong>FRENCH TRAINERS&#8217; FINAL RANKING<\/strong><\/h2>\n<p>[\/vc_column_text][vc_row_inner][vc_column_inner width=&#8221;1\/3&#8243;][vc_column_text]<\/p>\n<h4 style=\"text-align: center;\"><span style=\"color: #000000;\"><strong>10th at the final ranking<br \/>\n&#8211;<br \/>\n57 victoires<\/strong><\/span><\/h4>\n<p>[\/vc_column_text][vc_separator color=&#8221;black&#8221; border_width=&#8221;2&#8243;][vc_column_text]<\/p>\n<h3 style=\"text-align: center;\">2023<\/h3>\n<p>[\/vc_column_text][\/vc_column_inner][vc_column_inner width=&#8221;1\/3&#8243;][vc_column_text]<\/p>\n<h4 style=\"text-align: center;\"><span style=\"color: #000000;\"><strong>4th at the final ranking<br \/>\n&#8211;<br \/>\n51 victoires<\/strong><\/span><\/h4>\n<p>[\/vc_column_text][vc_separator color=&#8221;black&#8221; border_width=&#8221;2&#8243;][vc_column_text]<\/p>\n<h3 style=\"text-align: center;\">2024<\/h3>\n<p>[\/vc_column_text][\/vc_column_inner][vc_column_inner width=&#8221;1\/3&#8243;][vc_column_text]<\/p>\n<h4 style=\"text-align: center;\"><span style=\"color: #000000;\"><strong>5th at the final ranking<br \/>\n&#8211;<br \/>\n50 victoires<\/strong><\/span><\/h4>\n<p>[\/vc_column_text][vc_separator color=&#8221;black&#8221; border_width=&#8221;2&#8243;][vc_column_text]<\/p>\n<h3 style=\"text-align: center;\">2025<\/h3>\n<p>[\/vc_column_text][\/vc_column_inner][\/vc_row_inner][\/vc_column][\/vc_row][vc_row][vc_column][vc_empty_space height=&#8221;50px&#8221;][\/vc_column][\/vc_row][vc_row][vc_column][vc_separator][\/vc_column][\/vc_row][vc_row][vc_column width=&#8221;1\/3&#8243;][vc_column_text]<\/p>\n<p style=\"text-align: left;\"><strong>Visit us<\/strong><\/p>\n<p style=\"text-align: left;\"><span style=\"color: #808080;\">Soci\u00e9t\u00e9 d&#8217;Entra\u00eenement Christophe Ferland<br \/>\n7 Avenue de Montpensier<br \/>\n60500 Chantilly &#8211; France<\/span><\/p>\n<p>[\/vc_column_text][\/vc_column][vc_column width=&#8221;1\/3&#8243;][vc_column_text]<\/p>\n<p style=\"text-align: left;\"><strong>Contact us<\/strong><\/p>\n<p style=\"text-align: left;\"><span style=\"color: #808080;\">christophe.ferland@orange.fr<br \/>\n+ 33 6 80 35 82 87<br \/>\n+ 33 6 73 45 18 93<\/span><\/p>\n<p>[\/vc_column_text][\/vc_column][vc_column width=&#8221;1\/3&#8243;][vc_column_text]<\/p>\n<p style=\"text-align: left;\"><strong>Join us<\/strong><\/p>\n<p style=\"text-align: left;\"><a href=\"https:\/\/christopheferland.com\/en\/job-offers-christophe-ferland-racing-stable\/\"><span style=\"color: #808080;\">Job offers<\/span><\/a><\/p>\n<p>[\/vc_column_text][\/vc_column][\/vc_row][vc_row el_class=&#8221;seulmobile&#8221;][vc_column][vc_column_text][\/vc_column_text][\/vc_column][\/vc_row][vc_row el_class=&#8221;seulmobile&#8221;][vc_column][vc_raw_html]JTNDZGl2JTIwc3R5bGUlM0QlMjJtYXgtd2lkdGglM0ExNTBweCUzQm1hcmdpbi10b3AlM0EtMmVtJTNCbWFyZ2luLWxlZnQlM0EtMTBweCUyMiUzRSUwQSUzQ3RhYmxlJTIwd2lkdGglM0QlMjIxNTBweCUyMiUyMGJvcmRlciUzRCUyMjAlMjIlM0UlM0N0ciUzRSUwQSUzQ3RkJTIwYWxpZ24lM0RsZWZ0JTNFJTNDYSUyMHRpdGxlJTNEJTIyRmFjZWJvb2slMjIlMjBocmVmJTNEJTIyaHR0cHMlM0ElMkYlMkZ3d3cuZmFjZWJvb2suY29tJTJGY2hyaXN0b3BoZWZlcmxhbmRyYWNpbmclMjIlMjB0YXJnZXQlM0QlMjJfYmxhbmslMjIlMjBjbGFzcyUzRCUyMmZhY2Vib29rJTIyJTIwc3R5bGUlM0QlMjJ2aXNpYmlsaXR5JTNBJTIwdmlzaWJsZSUzQiUyMiUzRSUzQ3N2ZyUyMGNsYXNzJTNEJTIyaWNvbiUyMiUyMHZpZXdCb3glM0QlMjIwJTIwMCUyMDI0JTIwMjQlMjIlM0UlM0N1c2UlMjB4bGluayUzQWhyZWYlM0QlMjIlMjNmYWNlYm9vayUyMiUzRSUzQyUyRnVzZSUzRSUzQyUyRnN2ZyUzRSUzQyUyRmElM0UlM0MlMkZ0ZCUzRSUwQSUzQ3RkJTIwYWxpZ24lM0RsZWZ0JTNFJTNDYSUyMHRpdGxlJTNEJTIyVHdpdHRlciUyMiUyMGhyZWYlM0QlMjJodHRwcyUzQSUyRiUyRnR3aXR0ZXIuY29tJTJGY2hmZXJsYW5kJTIyJTIwdGFyZ2V0JTNEJTIyX2JsYW5rJTIyJTIwY2xhc3MlM0QlMjJ0d2l0dGVyJTIyJTIwc3R5bGUlM0QlMjJ2aXNpYmlsaXR5JTNBJTIwdmlzaWJsZSUzQiUyMiUzRSUzQ3N2ZyUyMGNsYXNzJTNEJTIyaWNvbiUyMiUyMHZpZXdCb3glM0QlMjIwJTIwMCUyMDI0JTIwMjQlMjIlM0UlM0N1c2UlMjB4bGluayUzQWhyZWYlM0QlMjIlMjN0d2l0dGVyJTIyJTNFJTNDJTJGdXNlJTNFJTNDJTJGc3ZnJTNFJTNDJTJGYSUzRSUzQyUyRnRkJTNFJTBBJTNDdGQlMjBhbGlnbiUzRGxlZnQlM0UlM0NhJTIwdGl0bGUlM0QlMjJJbnN0YWdyYW0lMjIlMjBocmVmJTNEJTIyaHR0cHMlM0ElMkYlMkZ3d3cuaW5zdGFncmFtLmNvbSUyRmNocmlzdG9waGUuZmVybGFuZCUyRiUyMiUyMHRhcmdldCUzRCUyMl9ibGFuayUyMiUyMGNsYXNzJTNEJTIyaW5zdGFncmFtJTIyJTIwc3R5bGUlM0QlMjJ2aXNpYmlsaXR5JTNBJTIwdmlzaWJsZSUzQiUyMiUzRSUzQ3N2ZyUyMGNsYXNzJTNEJTIyaWNvbiUyMiUyMHZpZXdCb3glM0QlMjIwJTIwMCUyMDI0JTIwMjQlMjIlM0UlM0N1c2UlMjB4bGluayUzQWhyZWYlM0QlMjIlMjNpbnN0YWdyYW0lMjIlM0UlM0MlMkZ1c2UlM0UlM0MlMkZzdmclM0UlM0MlMkZhJTNFJTNDJTJGdGQlM0UlMEElM0N0ZCUyMGFsaWduJTNEbGVmdCUzRSUzQ2ElMjB0aXRsZSUzRCUyMlZpbWVvJTIyJTIwaHJlZiUzRCUyMmh0dHBzJTNBJTJGJTJGdmltZW8uY29tJTJGdXNlcjUwOTI3MzY3JTIyJTIwdGFyZ2V0JTNEJTIyX2JsYW5rJTIyJTIwY2xhc3MlM0QlMjJ2aW1lbyUyMiUyMHN0eWxlJTNEJTIydmlzaWJpbGl0eSUzQSUyMHZpc2libGUlM0IlMjIlM0UlM0NzdmclMjBjbGFzcyUzRCUyMmljb24lMjIlMjB2aWV3Qm94JTNEJTIyMCUyMDAlMjAyNCUyMDI0JTIyJTNFJTNDdXNlJTIweGxpbmslM0FocmVmJTNEJTIyJTIzdmltZW8lMjIlM0UlM0MlMkZ1c2UlM0UlM0MlMkZzdmclM0UlM0MlMkZhJTNFJTNDJTJGdGQlM0UlMEElM0MlMkZ0ciUzRSUzQyUyRnRhYmxlJTNFJTNDJTJGZGl2JTNF[\/vc_raw_html][\/vc_column][\/vc_row]<\/p>\n<\/div>","protected":false},"excerpt":{"rendered":"<p>[vc_row][vc_column][vc_empty_space][\/vc_column][\/vc_row][vc_row][vc_column width=&#8221;1\/2&#8243;][vc_column_text] Christophe Ferland&#8217;s career [\/vc_column_text][vc_column_text] Christophe Ferland grew up among horses. He was born in Chantilly. His father was a jockey who became head lad. Christophe Ferland has always been attracted to this world&#8230; However, he perfectly knew that his size would not allow him to follow in his father\u2019s footsteps. It was therefore&hellip;<\/p>\n","protected":false},"author":2,"featured_media":0,"parent":0,"menu_order":1,"comment_status":"closed","ping_status":"closed","template":"","meta":{"footnotes":""},"_links":{"self":[{"href":"https:\/\/christopheferland.com\/en\/wp-json\/wp\/v2\/pages\/6969"}],"collection":[{"href":"https:\/\/christopheferland.com\/en\/wp-json\/wp\/v2\/pages"}],"about":[{"href":"https:\/\/christopheferland.com\/en\/wp-json\/wp\/v2\/types\/page"}],"author":[{"embeddable":true,"href":"https:\/\/christopheferland.com\/en\/wp-json\/wp\/v2\/users\/2"}],"replies":[{"embeddable":true,"href":"https:\/\/christopheferland.com\/en\/wp-json\/wp\/v2\/comments?post=6969"}],"version-history":[{"count":51,"href":"https:\/\/christopheferland.com\/en\/wp-json\/wp\/v2\/pages\/6969\/revisions"}],"predecessor-version":[{"id":33420,"href":"https:\/\/christopheferland.com\/en\/wp-json\/wp\/v2\/pages\/6969\/revisions\/33420"}],"wp:attachment":[{"href":"https:\/\/christopheferland.com\/en\/wp-json\/wp\/v2\/media?parent=6969"}],"curies":[{"name":"wp","href":"https:\/\/api.w.org\/{rel}","templated":true}]}}