{"id":15831,"date":"2019-04-12T08:25:59","date_gmt":"2019-04-12T07:25:59","guid":{"rendered":"https:\/\/christopheferland.com\/en\/palmares-en-cours-2\/"},"modified":"2025-09-18T10:27:50","modified_gmt":"2025-09-18T09:27:50","slug":"prize-list-christophe-ferland-racing-stable","status":"publish","type":"page","link":"https:\/\/christopheferland.com\/en\/prize-list-christophe-ferland-racing-stable\/","title":{"rendered":"Prize List"},"content":{"rendered":"<div class=\"wpb-content-wrapper\"><p>[vc_row][vc_column][vc_empty_space height=&#8221;50px&#8221;][vc_column_text]<\/p>\n<h2>Prize List<\/h2>\n<div class=\"hr-thin\"><\/div>\n<p>[\/vc_column_text][\/vc_column][\/vc_row][vc_row type=&#8221;vc_default&#8221;][vc_column][vc_row_inner][vc_column_inner width=&#8221;1\/2&#8243;]<div class=\"ult-new-ib ult-ib-effect-style1 cf-box ult-ib-resp  \" data-min-width=\"768\" data-max-width=\"900\" style=\"background:#000000;\" data-opacity=\"0.8\" data-hover-opacity=\"0.2\" ><img decoding=\"async\" class=\"ult-new-ib-img\" style=\"opacity:0.8;\" alt=\"null\" src=\"https:\/\/christopheferland.com\/wp-content\/uploads\/2025\/09\/Victoire-AVENTURE-Qatar-Prix-Vermeille.jpg\"   \/><div id=\"interactive-banner-wrap-5568\" class=\"ult-new-ib-desc\" style=\"\"><h1 class=\"ult-new-ib-title ult-responsive\"  data-ultimate-target='#interactive-banner-wrap-5568 .ult-new-ib-title'  data-responsive-json-new='{\"font-size\":\"\",\"line-height\":\"\"}'  style=\"font-family:&#039;Muli&#039;;font-weight:600;color:#ffffff;\">AVENTURE, Sea The Stars x Balladeuse<\/h1><div class=\"ult-new-ib-content ult-responsive\"  data-ultimate-target='#interactive-banner-wrap-5568 .ult-new-ib-content'  data-responsive-json-new='{\"font-size\":\"desktop:10px;\",\"line-height\":\"\"}'  style=\"font-family:&#039;Muli&#039;;font-weight:700;color:#ffffff;\"><p>1ST, QATAR PRIX VERMEILLE, GR1<br \/>\nSeptember 2025<\/p>\n<p>2ND, GRAND PRIX DE SAINT-CLOUD, GR1<br \/>\nJune 2025<\/p>\n<p>1ST, PRIX CORRIDA, GR2<br \/>\nMay 2025<\/p>\n<p>1ST, PRIX ALLEZ FRANCE, GR3<br \/>\nApril 2025<\/p>\n<p>2ND, QATAR PRIX DE L'ARC DE TRIOMPHE, GR1<br \/>\nOctober 2024<\/p>\n<p>2ND, QATAR PRIX VERMEILLE, GR1<br \/>\nSeptember 2024<\/p>\n<p>1ST, PRIX DE POMONE, GR2<br \/>\nAugust 2024<\/p><\/div><\/div><a class=\"ult-new-ib-link\" href=\"#\"  ><\/a><\/div>[\/vc_column_inner][vc_column_inner width=&#8221;1\/2&#8243;]<div class=\"ult-new-ib ult-ib-effect-style1 cf-box ult-ib-resp  \" data-min-width=\"768\" data-max-width=\"900\" style=\"background:#2b2b2b;\" data-opacity=\"0.8\" data-hover-opacity=\"0.2\" ><img decoding=\"async\" class=\"ult-new-ib-img\" style=\"opacity:0.8;\" alt=\"null\" src=\"https:\/\/christopheferland.com\/wp-content\/uploads\/2019\/04\/palmares-cavale-doree.jpg\"   \/><div id=\"interactive-banner-wrap-7162\" class=\"ult-new-ib-desc\" style=\"\"><h1 class=\"ult-new-ib-title ult-responsive\"  data-ultimate-target='#interactive-banner-wrap-7162 .ult-new-ib-title'  data-responsive-json-new='{\"font-size\":\"\",\"line-height\":\"\"}'  style=\"font-family:&#039;Muli&#039;;font-weight:600;color:#ffffff;\">CAVALE DOR\u00c9E, Sunday Break x Sweet Alabama<\/h1><div class=\"ult-new-ib-content ult-responsive\"  data-ultimate-target='#interactive-banner-wrap-7162 .ult-new-ib-content'  data-responsive-json-new='{\"font-size\":\"desktop:10px;\",\"line-height\":\"\"}'  style=\"font-family:&#039;Muli&#039;;font-weight:700;color:#ffffff;\"><p>3RD, BREEDER\u2019S CUP JUVENILE FILLIES TURF, GR1<br \/>\nNovember 2016<\/p>\n<p>1ST, PRIX DU CALVADOS, GR3<br \/>\nAugust 2016<\/p><\/div><\/div><a class=\"ult-new-ib-link\" href=\"#\"  ><\/a><\/div>[\/vc_column_inner][\/vc_row_inner][vc_row_inner][vc_column_inner width=&#8221;1\/2&#8243;]<div class=\"ult-new-ib ult-ib-effect-style1 cf-box ult-ib-resp  \" data-min-width=\"768\" data-max-width=\"900\" style=\"background:#2b2b2b;\" data-opacity=\"0.8\" data-hover-opacity=\"0.2\" ><img decoding=\"async\" class=\"ult-new-ib-img\" style=\"opacity:0.8;\" alt=\"null\" src=\"https:\/\/christopheferland.com\/wp-content\/uploads\/2019\/04\/palmares-chalnetta.jpg\"   \/><div id=\"interactive-banner-wrap-7262\" class=\"ult-new-ib-desc\" style=\"\"><h1 class=\"ult-new-ib-title ult-responsive\"  data-ultimate-target='#interactive-banner-wrap-7262 .ult-new-ib-title'  data-responsive-json-new='{\"font-size\":\"\",\"line-height\":\"\"}'  style=\"font-family:&#039;Muli&#039;;font-weight:600;color:#ffffff;\">CHALNETTA, Oratorio x Aifa<\/h1><div class=\"ult-new-ib-content ult-responsive\"  data-ultimate-target='#interactive-banner-wrap-7262 .ult-new-ib-content'  data-responsive-json-new='{\"font-size\":\"desktop:10px;\",\"line-height\":\"\"}'  style=\"font-family:&#039;Muli&#039;;font-weight:700;color:#ffffff;\"><p>2ND, PRIX DE POMONE, GR2<br \/>\nAugust 2014 &amp; 2013<\/p>\n<p>2ND, QATAR PRIX DE ROYALLIEU, GR2<br \/>\nOctober 2013<\/p>\n<p>2ND, ABU DHABI PRIX DE MALLERET, GR2<br \/>\nJune 2013<\/p>\n<p>1ST, DERBY DU MIDI, LISTED<br \/>\nMay 2013<\/p><\/div><\/div><a class=\"ult-new-ib-link\" href=\"#\"  ><\/a><\/div>[\/vc_column_inner][vc_column_inner width=&#8221;1\/2&#8243;]<div class=\"ult-new-ib ult-ib-effect-style1 cf-box ult-ib-resp  \" data-min-width=\"768\" data-max-width=\"900\" style=\"background:#2b2b2b;\" data-opacity=\"0.8\" data-hover-opacity=\"0.2\" ><img decoding=\"async\" class=\"ult-new-ib-img\" style=\"opacity:0.8;\" alt=\"null\" src=\"https:\/\/christopheferland.com\/wp-content\/uploads\/2019\/09\/Palmares-Dabirsim-bis.jpg\"   \/><div id=\"interactive-banner-wrap-4839\" class=\"ult-new-ib-desc\" style=\"\"><h1 class=\"ult-new-ib-title ult-responsive\"  data-ultimate-target='#interactive-banner-wrap-4839 .ult-new-ib-title'  data-responsive-json-new='{\"font-size\":\"\",\"line-height\":\"\"}'  style=\"font-family:&#039;Muli&#039;;font-weight:600;color:#ffffff;\">DABIRSIM, Hat Trick x Rumored<\/h1><div class=\"ult-new-ib-content ult-responsive\"  data-ultimate-target='#interactive-banner-wrap-4839 .ult-new-ib-content'  data-responsive-json-new='{\"font-size\":\"desktop:10px;\",\"line-height\":\"\"}'  style=\"font-family:&#039;Muli&#039;;font-weight:700;color:#ffffff;\"><p>CROWNED BEST 2-YEAR-OLD EUROPEAN<br \/>\n2011 Edition<\/p>\n<p>2ND, PRIX DE FONTAINEBLEAU, GR3<br \/>\nApril 2012<\/p>\n<p>1ST, QATAR PRIX JEAN-LUC LAGARDERE, GR1<br \/>\nOctober 2011<\/p>\n<p>1ST, DARLEY PRIX MORNY, GR1<br \/>\nAugust 2011<\/p>\n<p>1ST, PRIX DE CABOURG, GR3<br \/>\nJuly 2011<\/p><\/div><\/div><a class=\"ult-new-ib-link\" href=\"#\"  ><\/a><\/div>[\/vc_column_inner][\/vc_row_inner][vc_row_inner][vc_column_inner width=&#8221;1\/2&#8243;]<div class=\"ult-new-ib ult-ib-effect-style1 cf-box ult-ib-resp  \" data-min-width=\"768\" data-max-width=\"900\" style=\"background:#2b2b2b;\" data-opacity=\"0.8\" data-hover-opacity=\"0.2\" ><img decoding=\"async\" class=\"ult-new-ib-img\" style=\"opacity:0.8;\" alt=\"null\" src=\"https:\/\/christopheferland.com\/wp-content\/uploads\/2019\/04\/palmares-funny-kid-1.jpg\"   \/><div id=\"interactive-banner-wrap-4573\" class=\"ult-new-ib-desc\" style=\"\"><h1 class=\"ult-new-ib-title ult-responsive\"  data-ultimate-target='#interactive-banner-wrap-4573 .ult-new-ib-title'  data-responsive-json-new='{\"font-size\":\"\",\"line-height\":\"\"}'  style=\"font-family:&#039;Muli&#039;;font-weight:600;color:#ffffff;\">DOUBLE MAJOR, Daiwa Major x Dancequest<\/h1><div class=\"ult-new-ib-content ult-responsive\"  data-ultimate-target='#interactive-banner-wrap-4573 .ult-new-ib-content'  data-responsive-json-new='{\"font-size\":\"desktop:10px;\",\"line-height\":\"\"}'  style=\"font-family:&#039;Muli&#039;;font-weight:700;color:#ffffff;\"><p>1ST, PRIX GLADIATEUR, GR3<br \/>\nSeptember 2025<\/p>\n<p>1ST, SUMBE PRIX KERGORLAY, GR2<br \/>\nAugust 2024 &amp; August 2025<\/p>\n<p>2ND, DUBA\u00cf GOLD CUP, GR2<br \/>\nApril 2025<\/p>\n<p>1ST, PRIX ROYAL-OAK, GR1<br \/>\nOctober 2023 &amp; October 2024<\/p>\n<p>1ST, PRIX MAURICE DE NIEUIL, GR2<br \/>\nJuly 2024<\/p>\n<p>1ST, QATAR PRIX CHAUDENAY, GR2<br \/>\nSeptember 2023<\/p>\n<p>2ND, PRIX GERALD DE GEOFFRE, GR3<br \/>\nAugust 2023<\/p><\/div><\/div><a class=\"ult-new-ib-link\" href=\"#\"  ><\/a><\/div>[\/vc_column_inner][vc_column_inner width=&#8221;1\/2&#8243;]<div class=\"ult-new-ib ult-ib-effect-style1 cf-box ult-ib-resp  \" data-min-width=\"768\" data-max-width=\"900\" style=\"background:#2b2b2b;\" data-opacity=\"0.8\" data-hover-opacity=\"0.2\" ><img decoding=\"async\" class=\"ult-new-ib-img\" style=\"opacity:0.8;\" alt=\"null\" src=\"https:\/\/christopheferland.com\/wp-content\/uploads\/2019\/06\/Dubai_Meydan_Heshem.jpg\"   \/><div id=\"interactive-banner-wrap-5415\" class=\"ult-new-ib-desc\" style=\"\"><h1 class=\"ult-new-ib-title ult-responsive\"  data-ultimate-target='#interactive-banner-wrap-5415 .ult-new-ib-title'  data-responsive-json-new='{\"font-size\":\"\",\"line-height\":\"\"}'  style=\"font-family:&#039;Muli&#039;;font-weight:600;color:#ffffff;\">HESHEM, Footstepinthesand x Doohulla<\/h1><div class=\"ult-new-ib-content ult-responsive\"  data-ultimate-target='#interactive-banner-wrap-5415 .ult-new-ib-content'  data-responsive-json-new='{\"font-size\":\"desktop:10px;\",\"line-height\":\"\"}'  style=\"font-family:&#039;Muli&#039;;font-weight:700;color:#ffffff;\"><p>2ND, DUBA\u00cf TURF, GR1<br \/>\nMarch 2017<\/p>\n<p>2ND, QATAR PRIX DOLLAR, GR2<br \/>\nOctober 2016<\/p>\n<p>1ST, PRIX EUGENE ADAM, GR2<br \/>\nJuly 2016<\/p><\/div><\/div><a class=\"ult-new-ib-link\" href=\"#\"  ><\/a><\/div>[\/vc_column_inner][\/vc_row_inner][vc_row_inner][vc_column_inner width=&#8221;1\/2&#8243;]<div class=\"ult-new-ib ult-ib-effect-style1 cf-box ult-ib-resp  \" data-min-width=\"768\" data-max-width=\"900\" style=\"background:#2b2b2b;\" data-opacity=\"0.8\" data-hover-opacity=\"0.2\" ><img decoding=\"async\" class=\"ult-new-ib-img\" style=\"opacity:0.8;\" alt=\"null\" src=\"https:\/\/christopheferland.com\/wp-content\/uploads\/2019\/09\/Palmares-Indonesienne-bis.jpg\"   \/><div id=\"interactive-banner-wrap-5923\" class=\"ult-new-ib-desc\" style=\"\"><h1 class=\"ult-new-ib-title ult-responsive\"  data-ultimate-target='#interactive-banner-wrap-5923 .ult-new-ib-title'  data-responsive-json-new='{\"font-size\":\"\",\"line-height\":\"\"}'  style=\"font-family:&#039;Muli&#039;;font-weight:600;color:#ffffff;\">INDON\u00c9SIENNE, Muhtathir x Mydarshaan<\/h1><div class=\"ult-new-ib-content ult-responsive\"  data-ultimate-target='#interactive-banner-wrap-5923 .ult-new-ib-content'  data-responsive-json-new='{\"font-size\":\"desktop:10px;\",\"line-height\":\"\"}'  style=\"font-family:&#039;Muli&#039;;font-weight:700;color:#ffffff;\"><p>3RD, PRIX DE LA GROTTE, GR3<br \/>\nApril 2014<\/p>\n<p>1ST, PRIX MARCEL BOUSSAC, GR1<br \/>\nOctober 2013<\/p><\/div><\/div><a class=\"ult-new-ib-link\" href=\"#\"  ><\/a><\/div>[\/vc_column_inner][vc_column_inner width=&#8221;1\/2&#8243;]<div class=\"ult-new-ib ult-ib-effect-style1 cf-box ult-ib-resp ult-ib2-min-height \" data-min-width=\"768\" data-max-width=\"900\" style=\"background:#2b2b2b; opacity:0; \" data-opacity=\"0.8\" data-hover-opacity=\"0.2\"  data-min-height=\"350\" ><img decoding=\"async\" class=\"ult-new-ib-img\" style=\"opacity:0.8;\" alt=\"Palmar\u00e8s Spoil The Fun Entra\u00eenement Christophe Ferland\" src=\"https:\/\/christopheferland.com\/wp-content\/uploads\/2019\/09\/Palmares-SpoiltheFun-bis-1.jpg\"  data-min-height=\"350\"   \/><div id=\"interactive-banner-wrap-6575\" class=\"ult-new-ib-desc\" style=\"\"><h1 class=\"ult-new-ib-title ult-responsive\"  data-ultimate-target='#interactive-banner-wrap-6575 .ult-new-ib-title'  data-responsive-json-new='{\"font-size\":\"\",\"line-height\":\"\"}'  style=\"font-family:&#039;Muli&#039;;font-weight:700;color:#ffffff;\">SPOIL THE FUN, Rock of Gibraltar x Avezia<\/h1><div class=\"ult-new-ib-content ult-responsive\"  data-ultimate-target='#interactive-banner-wrap-6575 .ult-new-ib-content'  data-responsive-json-new='{\"font-size\":\"desktop:10px;\",\"line-height\":\"\"}'  style=\"font-weight:normal;color:#ffffff;\"><p>2ND, PRIX QUINCEY LUCIEN BARRIERE, GR3<br \/>\nAugust 2015 &amp; 2014<\/p>\n<p>2ND, PRIX DU MUGUET, GR2<br \/>\nMay 2015<\/p>\n<p>3RD, FR\u00dcHJAHRSMEILE, GR3<br \/>\nApril 2015<\/p>\n<p>1ST, PREMIO DEL PAIZZALE, GR3<br \/>\nOctober 2014<\/p>\n<p>2ND, PRIX BERTRAND DU BREUIL LONGINES, GR3<br \/>\nJune 2014<\/p>\n<p>3RD, PRIX QUINCEY LUCIEN BARRIERE, GR3<br \/>\nAugust 2013<\/p>\n<p>1ST, PRIX DE MONTRETOUT, LISTED<br \/>\nMay 2013<\/p><\/div><\/div><a class=\"ult-new-ib-link\" href=\"#\"  ><\/a><\/div>[\/vc_column_inner][\/vc_row_inner][\/vc_column][\/vc_row][vc_row][vc_column][vc_empty_space][\/vc_column][\/vc_row][vc_row][vc_column][vc_separator][\/vc_column][\/vc_row][vc_row][vc_column width=&#8221;1\/3&#8243;][vc_column_text]<\/p>\n<p style=\"text-align: left;\"><strong>Nous trouver<\/strong><\/p>\n<p style=\"text-align: left;\"><span style=\"color: #808080;\">Soci\u00e9t\u00e9 d&#8217;Entra\u00eenement Christophe Ferland<br \/>\n7 Avenue de Montpensier<br \/>\n60500 Chantilly &#8211; France<\/span><\/p>\n<p>[\/vc_column_text][\/vc_column][vc_column width=&#8221;1\/3&#8243;][vc_column_text]<\/p>\n<p style=\"text-align: left;\"><strong>Nous contacter<\/strong><\/p>\n<p style=\"text-align: left;\"><span style=\"color: #808080;\">christophe.ferland@orange.fr<br \/>\n+ 33 6 80 35 82 87<br \/>\n+ 33 6 73 45 18 93<\/span><\/p>\n<p>[\/vc_column_text][\/vc_column][vc_column width=&#8221;1\/3&#8243;][vc_column_text]<\/p>\n<p style=\"text-align: left;\"><strong>Nous rejoindre<\/strong><\/p>\n<p style=\"text-align: left;\"><a href=\"https:\/\/christopheferland.com\/en\/job-offers-christophe-ferland-racing-stable\/\"><span style=\"color: #808080;\">Job offers<\/span><\/a><\/p>\n<p>[\/vc_column_text][\/vc_column][\/vc_row][vc_row][vc_column][vc_column_text][\/vc_column_text][\/vc_column][\/vc_row][vc_row][vc_column el_class=&#8221;seulmobile&#8221;][vc_raw_html]JTNDZGl2JTIwc3R5bGUlM0QlMjJtYXgtd2lkdGglM0ExNTBweCUzQm1hcmdpbi10b3AlM0EtMmVtJTNCbWFyZ2luLWxlZnQlM0EtMTBweCUyMiUzRSUwQSUzQ3RhYmxlJTIwd2lkdGglM0QlMjIxNTBweCUyMiUyMGJvcmRlciUzRCUyMjAlMjIlM0UlM0N0ciUzRSUwQSUzQ3RkJTIwYWxpZ24lM0RsZWZ0JTNFJTNDYSUyMHRpdGxlJTNEJTIyRmFjZWJvb2slMjIlMjBocmVmJTNEJTIyaHR0cHMlM0ElMkYlMkZ3d3cuZmFjZWJvb2suY29tJTJGY2hyaXN0b3BoZWZlcmxhbmRyYWNpbmclMjIlMjB0YXJnZXQlM0QlMjJfYmxhbmslMjIlMjBjbGFzcyUzRCUyMmZhY2Vib29rJTIyJTIwc3R5bGUlM0QlMjJ2aXNpYmlsaXR5JTNBJTIwdmlzaWJsZSUzQiUyMiUzRSUzQ3N2ZyUyMGNsYXNzJTNEJTIyaWNvbiUyMiUyMHZpZXdCb3glM0QlMjIwJTIwMCUyMDI0JTIwMjQlMjIlM0UlM0N1c2UlMjB4bGluayUzQWhyZWYlM0QlMjIlMjNmYWNlYm9vayUyMiUzRSUzQyUyRnVzZSUzRSUzQyUyRnN2ZyUzRSUzQyUyRmElM0UlM0MlMkZ0ZCUzRSUwQSUzQ3RkJTIwYWxpZ24lM0RsZWZ0JTNFJTNDYSUyMHRpdGxlJTNEJTIyVHdpdHRlciUyMiUyMGhyZWYlM0QlMjJodHRwcyUzQSUyRiUyRnR3aXR0ZXIuY29tJTJGY2hmZXJsYW5kJTIyJTIwdGFyZ2V0JTNEJTIyX2JsYW5rJTIyJTIwY2xhc3MlM0QlMjJ0d2l0dGVyJTIyJTIwc3R5bGUlM0QlMjJ2aXNpYmlsaXR5JTNBJTIwdmlzaWJsZSUzQiUyMiUzRSUzQ3N2ZyUyMGNsYXNzJTNEJTIyaWNvbiUyMiUyMHZpZXdCb3glM0QlMjIwJTIwMCUyMDI0JTIwMjQlMjIlM0UlM0N1c2UlMjB4bGluayUzQWhyZWYlM0QlMjIlMjN0d2l0dGVyJTIyJTNFJTNDJTJGdXNlJTNFJTNDJTJGc3ZnJTNFJTNDJTJGYSUzRSUzQyUyRnRkJTNFJTBBJTNDdGQlMjBhbGlnbiUzRGxlZnQlM0UlM0NhJTIwdGl0bGUlM0QlMjJJbnN0YWdyYW0lMjIlMjBocmVmJTNEJTIyaHR0cHMlM0ElMkYlMkZ3d3cuaW5zdGFncmFtLmNvbSUyRmNocmlzdG9waGUuZmVybGFuZCUyRiUyMiUyMHRhcmdldCUzRCUyMl9ibGFuayUyMiUyMGNsYXNzJTNEJTIyaW5zdGFncmFtJTIyJTIwc3R5bGUlM0QlMjJ2aXNpYmlsaXR5JTNBJTIwdmlzaWJsZSUzQiUyMiUzRSUzQ3N2ZyUyMGNsYXNzJTNEJTIyaWNvbiUyMiUyMHZpZXdCb3glM0QlMjIwJTIwMCUyMDI0JTIwMjQlMjIlM0UlM0N1c2UlMjB4bGluayUzQWhyZWYlM0QlMjIlMjNpbnN0YWdyYW0lMjIlM0UlM0MlMkZ1c2UlM0UlM0MlMkZzdmclM0UlM0MlMkZhJTNFJTNDJTJGdGQlM0UlMEElM0N0ZCUyMGFsaWduJTNEbGVmdCUzRSUzQ2ElMjB0aXRsZSUzRCUyMlZpbWVvJTIyJTIwaHJlZiUzRCUyMmh0dHBzJTNBJTJGJTJGdmltZW8uY29tJTJGdXNlcjUwOTI3MzY3JTIyJTIwdGFyZ2V0JTNEJTIyX2JsYW5rJTIyJTIwY2xhc3MlM0QlMjJ2aW1lbyUyMiUyMHN0eWxlJTNEJTIydmlzaWJpbGl0eSUzQSUyMHZpc2libGUlM0IlMjIlM0UlM0NzdmclMjBjbGFzcyUzRCUyMmljb24lMjIlMjB2aWV3Qm94JTNEJTIyMCUyMDAlMjAyNCUyMDI0JTIyJTNFJTNDdXNlJTIweGxpbmslM0FocmVmJTNEJTIyJTIzdmltZW8lMjIlM0UlM0MlMkZ1c2UlM0UlM0MlMkZzdmclM0UlM0MlMkZhJTNFJTNDJTJGdGQlM0UlMEElM0MlMkZ0ciUzRSUzQyUyRnRhYmxlJTNFJTNDJTJGZGl2JTNF[\/vc_raw_html][\/vc_column][\/vc_row]<\/p>\n<\/div>","protected":false},"excerpt":{"rendered":"<p>[vc_row][vc_column][vc_empty_space height=&#8221;50px&#8221;][vc_column_text] Prize List [\/vc_column_text][\/vc_column][\/vc_row][vc_row type=&#8221;vc_default&#8221;][vc_column][vc_row_inner][vc_column_inner width=&#8221;1\/2&#8243;][\/vc_column_inner][vc_column_inner width=&#8221;1\/2&#8243;][\/vc_column_inner][\/vc_row_inner][vc_row_inner][vc_column_inner width=&#8221;1\/2&#8243;][\/vc_column_inner][vc_column_inner width=&#8221;1\/2&#8243;][\/vc_column_inner][\/vc_row_inner][vc_row_inner][vc_column_inner width=&#8221;1\/2&#8243;][\/vc_column_inner][vc_column_inner width=&#8221;1\/2&#8243;][\/vc_column_inner][\/vc_row_inner][vc_row_inner][vc_column_inner width=&#8221;1\/2&#8243;][\/vc_column_inner][vc_column_inner width=&#8221;1\/2&#8243;][\/vc_column_inner][\/vc_row_inner][\/vc_column][\/vc_row][vc_row][vc_column][vc_empty_space][\/vc_column][\/vc_row][vc_row][vc_column][vc_separator][\/vc_column][\/vc_row][vc_row][vc_column width=&#8221;1\/3&#8243;][vc_column_text] Nous trouver Soci\u00e9t\u00e9 d&#8217;Entra\u00eenement Christophe Ferland 7 Avenue de Montpensier 60500 Chantilly &#8211; France [\/vc_column_text][\/vc_column][vc_column width=&#8221;1\/3&#8243;][vc_column_text] Nous contacter christophe.ferland@orange.fr + 33 6 80 35 82 87 + 33 6 73 45 18 93 [\/vc_column_text][\/vc_column][vc_column width=&#8221;1\/3&#8243;][vc_column_text] Nous rejoindre Job offers [\/vc_column_text][\/vc_column][\/vc_row][vc_row][vc_column][vc_column_text][\/vc_column_text][\/vc_column][\/vc_row][vc_row][vc_column&hellip;<\/p>\n","protected":false},"author":2,"featured_media":0,"parent":0,"menu_order":2,"comment_status":"closed","ping_status":"closed","template":"","meta":{"footnotes":""},"_links":{"self":[{"href":"https:\/\/christopheferland.com\/en\/wp-json\/wp\/v2\/pages\/15831"}],"collection":[{"href":"https:\/\/christopheferland.com\/en\/wp-json\/wp\/v2\/pages"}],"about":[{"href":"https:\/\/christopheferland.com\/en\/wp-json\/wp\/v2\/types\/page"}],"author":[{"embeddable":true,"href":"https:\/\/christopheferland.com\/en\/wp-json\/wp\/v2\/users\/2"}],"replies":[{"embeddable":true,"href":"https:\/\/christopheferland.com\/en\/wp-json\/wp\/v2\/comments?post=15831"}],"version-history":[{"count":24,"href":"https:\/\/christopheferland.com\/en\/wp-json\/wp\/v2\/pages\/15831\/revisions"}],"predecessor-version":[{"id":33134,"href":"https:\/\/christopheferland.com\/en\/wp-json\/wp\/v2\/pages\/15831\/revisions\/33134"}],"wp:attachment":[{"href":"https:\/\/christopheferland.com\/en\/wp-json\/wp\/v2\/media?parent=15831"}],"curies":[{"name":"wp","href":"https:\/\/api.w.org\/{rel}","templated":true}]}}